{"id":887,"date":"2000-02-13T03:42:01","date_gmt":"2000-02-13T02:42:01","guid":{"rendered":"https:\/\/smylepets.com\/?page_id=887"},"modified":"2000-02-13T03:42:01","modified_gmt":"2000-02-13T02:42:01","slug":"aviso-legal","status":"publish","type":"page","link":"https:\/\/smylepets.com\/encuentra-mascota\/aviso-legal\/","title":{"rendered":"Aviso Legal"},"content":{"rendered":"\t\t<div data-elementor-type=\"wp-page\" data-elementor-id=\"887\" class=\"elementor elementor-887\">\n\t\t\t\t\t\t<section class=\"elementor-section elementor-top-section elementor-element elementor-element-55f9d84c elementor-section-boxed elementor-section-height-default elementor-section-height-default\" data-id=\"55f9d84c\" data-element_type=\"section\" data-e-type=\"section\">\n\t\t\t\t\t\t<div class=\"elementor-container elementor-column-gap-default\">\n\t\t\t\t\t<div class=\"elementor-column elementor-col-100 elementor-top-column elementor-element elementor-element-66cd95fb\" data-id=\"66cd95fb\" data-element_type=\"column\" data-e-type=\"column\">\n\t\t\t<div class=\"elementor-widget-wrap elementor-element-populated\">\n\t\t\t\t\t\t<div class=\"elementor-element elementor-element-72320f46 elementor-widget elementor-widget-text-editor\" data-id=\"72320f46\" data-element_type=\"widget\" data-e-type=\"widget\" data-widget_type=\"text-editor.default\">\n\t\t\t\t<div class=\"elementor-widget-container\">\n\t\t\t\t\t\t\t\t\t<p><\/p>\n<p><strong>Titular del sitio web<\/strong><\/p>\n<p><\/p>\n<p>Jes\u00fas Miguel Ortiz Simal<br \/>NIF: 51.428.605-F<br \/>DOMICILIO SOCIAL: Castiello de Jaca, 11-13. 28050, MADRID<br \/>Email: hola@smylepets.com<br \/>Tel\u00e9fono: 91 073 80 54<\/p>\n<p><\/p>\n<p>De esta manera, cumplo con la\u00a0<a href=\"https:\/\/www.boe.es\/buscar\/act.php?id=BOE-A-2002-13758\" target=\"_blank\" rel=\"noreferrer noopener\">legislaci\u00f3n espa\u00f1ola<\/a>.<\/p>\n<p>Smyleptets participa en el Amazon EU Associates Programme, un programa de afiliaci\u00f3n dise\u00f1ado para dotar de un significado a sites para que de esta manera puedan ganar comisiones publicitando y enlazando a Amazon.es. (\u00ab<span style=\"background-color: #fbfbfb; color: #32373c; font-family: 'Open Sans', sans-serif; font-size: 14.4px; letter-spacing: normal;\">Smylepets is a participant in the Amazon EU Associates Programme, an affiliate advertising programme designed to provide a means for sites to earn advertising fees by advertising and linking to Amazon.es\u00bb)<\/span><\/p>\n<p><\/p>\t\t\t\t\t\t\t\t<\/div>\n\t\t\t\t<\/div>\n\t\t\t\t\t<\/div>\n\t\t<\/div>\n\t\t\t\t\t<\/div>\n\t\t<\/section>\n\t\t\t\t<\/div>\n\t\t","protected":false},"excerpt":{"rendered":"<p>smylepets.com Smylepets 1981 SLU, NIF: B56423940DOMICILIO SOCIAL: Castiello de Jaca, 11-13. 28050, MADRIDEmail: hola@smylepets.comTel\u00e9fono: 91 073 80 54 De esta manera, cumplo con la\u00a0legislaci\u00f3n espa\u00f1ola. Smyleptets participa en el Amazon EU Associates Programme, un programa de afiliaci\u00f3n dise\u00f1ado para dotar de un significado a sites para que de esta manera puedan ganar comisiones publicitando y &#8230; <a title=\"Aviso Legal\" class=\"read-more\" href=\"https:\/\/smylepets.com\/encuentra-mascota\/aviso-legal\/\" aria-label=\"Leer m\u00e1s sobre Aviso Legal\">Leer m\u00e1s<\/a><\/p>\n","protected":false},"author":48,"featured_media":0,"parent":0,"menu_order":9999,"comment_status":"closed","ping_status":"closed","template":"","meta":{"_acf_changed":false,"ub_ctt_via":"","_themeisle_gutenberg_block_has_review":false,"_joinchat":[],"footnotes":""},"class_list":["post-887","page","type-page","status-publish"],"acf":{"ciudad":null,"ubicacion":null,"raza":null,"descripciontcorta":null,"animal":null,"telefono":null,"title":null,"numero_nucleo_zoologico":null,"texto_boton":null,"icono_whatsapp":null,"tabla_criadero":null,"shortcode_maps":null,"galeria_de_imagenes":null,"tabla_de_lista":null,"typeform":null,"imagen_mapa_":null,"typeform_iframe":null},"featured_image_src":null,"yoast_head":"<!-- This site is optimized with the Yoast SEO plugin v27.5 - https:\/\/yoast.com\/product\/yoast-seo-wordpress\/ -->\n<title>Encuentra tu Aviso Legal | Smylepets<\/title>\n<meta name=\"description\" content=\"Descubre en SmylePets el criadero de Aviso Legal donde la calidad y el bienestar son nuestra prioridad. Aviso Legal cuidado con amor y dedicaci\u00f3n para garantizar mascotas saludables y felices.\" \/>\n<meta name=\"robots\" content=\"noindex, follow\" \/>\n<meta property=\"og:locale\" content=\"es_ES\" \/>\n<meta property=\"og:type\" content=\"article\" \/>\n<meta property=\"og:title\" content=\"Encuentra tu Aviso Legal | Smylepets\" \/>\n<meta property=\"og:description\" content=\"Descubre en SmylePets el criadero de Aviso Legal donde la calidad y el bienestar son nuestra prioridad. Aviso Legal cuidado con amor y dedicaci\u00f3n para garantizar mascotas saludables y felices.\" \/>\n<meta property=\"og:url\" content=\"https:\/\/smylepets.com\/encuentra-mascota\/aviso-legal\/\" \/>\n<meta property=\"og:site_name\" content=\"Smylepets\" \/>\n<meta property=\"article:publisher\" content=\"https:\/\/www.facebook.com\/Smylepets\" \/>\n<meta property=\"og:image\" content=\"https:\/\/i0.wp.com\/api.smylepets.com\/encuentra-mascota\/wp-content\/uploads\/2021\/01\/Logo-SMYLE-PETS-web_Mesa-de-trabajo-1-04.png?fit=1755%2C1241&ssl=1\" \/>\n\t<meta property=\"og:image:width\" content=\"1755\" \/>\n\t<meta property=\"og:image:height\" content=\"1241\" \/>\n\t<meta property=\"og:image:type\" content=\"image\/png\" \/>\n<meta name=\"twitter:card\" content=\"summary_large_image\" \/>\n<meta name=\"twitter:site\" content=\"@smylepets\" \/>\n<meta name=\"twitter:label1\" content=\"Tiempo de lectura\" \/>\n\t<meta name=\"twitter:data1\" content=\"1 minuto\" \/>\n<script type=\"application\/ld+json\" class=\"yoast-schema-graph\">{\"@context\":\"https:\\\/\\\/schema.org\",\"@graph\":[{\"@type\":\"WebPage\",\"@id\":\"https:\\\/\\\/smylepets.com\\\/encuentra-mascota\\\/aviso-legal\\\/\",\"url\":\"https:\\\/\\\/smylepets.com\\\/encuentra-mascota\\\/aviso-legal\\\/\",\"name\":\"Encuentra tu Aviso Legal | Smylepets\",\"isPartOf\":{\"@id\":\"https:\\\/\\\/smylepets.com\\\/encuentra-mascota\\\/#website\"},\"datePublished\":\"2000-02-13T02:42:01+00:00\",\"description\":\"Descubre en SmylePets el criadero de Aviso Legal donde la calidad y el bienestar son nuestra prioridad. Aviso Legal cuidado con amor y dedicaci\u00f3n para garantizar mascotas saludables y felices.\",\"breadcrumb\":{\"@id\":\"https:\\\/\\\/smylepets.com\\\/encuentra-mascota\\\/aviso-legal\\\/#breadcrumb\"},\"inLanguage\":\"es\",\"potentialAction\":[{\"@type\":\"ReadAction\",\"target\":[\"https:\\\/\\\/smylepets.com\\\/encuentra-mascota\\\/aviso-legal\\\/\"]}]},{\"@type\":\"BreadcrumbList\",\"@id\":\"https:\\\/\\\/smylepets.com\\\/encuentra-mascota\\\/aviso-legal\\\/#breadcrumb\",\"itemListElement\":[{\"@type\":\"ListItem\",\"position\":1,\"name\":\"Home\",\"item\":\"https:\\\/\\\/smylepets.com\\\/encuentra-mascota\\\/\"},{\"@type\":\"ListItem\",\"position\":2,\"name\":\"Aviso Legal\"}]},{\"@type\":\"WebSite\",\"@id\":\"https:\\\/\\\/smylepets.com\\\/encuentra-mascota\\\/#website\",\"url\":\"https:\\\/\\\/smylepets.com\\\/encuentra-mascota\\\/\",\"name\":\"Smylepets\",\"description\":\"Consejos e informaci\u00f3n para que tu mejor compa\u00f1ero sea uno m\u00e1s en la casa.\",\"publisher\":{\"@id\":\"https:\\\/\\\/smylepets.com\\\/encuentra-mascota\\\/#organization\"},\"potentialAction\":[{\"@type\":\"SearchAction\",\"target\":{\"@type\":\"EntryPoint\",\"urlTemplate\":\"https:\\\/\\\/smylepets.com\\\/encuentra-mascota\\\/?s={search_term_string}\"},\"query-input\":{\"@type\":\"PropertyValueSpecification\",\"valueRequired\":true,\"valueName\":\"search_term_string\"}}],\"inLanguage\":\"es\"},{\"@type\":\"Organization\",\"@id\":\"https:\\\/\\\/smylepets.com\\\/encuentra-mascota\\\/#organization\",\"name\":\"Smylepets\",\"url\":\"https:\\\/\\\/smylepets.com\\\/encuentra-mascota\\\/\",\"logo\":{\"@type\":\"ImageObject\",\"inLanguage\":\"es\",\"@id\":\"https:\\\/\\\/smylepets.com\\\/encuentra-mascota\\\/#\\\/schema\\\/logo\\\/image\\\/\",\"url\":\"\",\"contentUrl\":\"\",\"caption\":\"Smylepets\"},\"image\":{\"@id\":\"https:\\\/\\\/smylepets.com\\\/encuentra-mascota\\\/#\\\/schema\\\/logo\\\/image\\\/\"},\"sameAs\":[\"https:\\\/\\\/www.facebook.com\\\/Smylepets\",\"https:\\\/\\\/x.com\\\/smylepets\",\"https:\\\/\\\/www.instagram.com\\\/smylepets\\\/\",\"https:\\\/\\\/www.pinterest.es\\\/Smylepets\\\/\"]}]}<\/script>\n<!-- \/ Yoast SEO plugin. -->","yoast_head_json":{"title":"Encuentra tu Aviso Legal | Smylepets","description":"Descubre en SmylePets el criadero de Aviso Legal donde la calidad y el bienestar son nuestra prioridad. Aviso Legal cuidado con amor y dedicaci\u00f3n para garantizar mascotas saludables y felices.","robots":{"index":"noindex","follow":"follow"},"og_locale":"es_ES","og_type":"article","og_title":"Encuentra tu Aviso Legal | Smylepets","og_description":"Descubre en SmylePets el criadero de Aviso Legal donde la calidad y el bienestar son nuestra prioridad. Aviso Legal cuidado con amor y dedicaci\u00f3n para garantizar mascotas saludables y felices.","og_url":"https:\/\/smylepets.com\/encuentra-mascota\/aviso-legal\/","og_site_name":"Smylepets","article_publisher":"https:\/\/www.facebook.com\/Smylepets","og_image":[{"width":1755,"height":1241,"url":"https:\/\/i0.wp.com\/api.smylepets.com\/encuentra-mascota\/wp-content\/uploads\/2021\/01\/Logo-SMYLE-PETS-web_Mesa-de-trabajo-1-04.png?fit=1755%2C1241&ssl=1","type":"image\/png"}],"twitter_card":"summary_large_image","twitter_site":"@smylepets","twitter_misc":{"Tiempo de lectura":"1 minuto"},"schema":{"@context":"https:\/\/schema.org","@graph":[{"@type":"WebPage","@id":"https:\/\/smylepets.com\/encuentra-mascota\/aviso-legal\/","url":"https:\/\/smylepets.com\/encuentra-mascota\/aviso-legal\/","name":"Encuentra tu Aviso Legal | Smylepets","isPartOf":{"@id":"https:\/\/smylepets.com\/encuentra-mascota\/#website"},"datePublished":"2000-02-13T02:42:01+00:00","description":"Descubre en SmylePets el criadero de Aviso Legal donde la calidad y el bienestar son nuestra prioridad. Aviso Legal cuidado con amor y dedicaci\u00f3n para garantizar mascotas saludables y felices.","breadcrumb":{"@id":"https:\/\/smylepets.com\/encuentra-mascota\/aviso-legal\/#breadcrumb"},"inLanguage":"es","potentialAction":[{"@type":"ReadAction","target":["https:\/\/smylepets.com\/encuentra-mascota\/aviso-legal\/"]}]},{"@type":"BreadcrumbList","@id":"https:\/\/smylepets.com\/encuentra-mascota\/aviso-legal\/#breadcrumb","itemListElement":[{"@type":"ListItem","position":1,"name":"Home","item":"https:\/\/smylepets.com\/encuentra-mascota\/"},{"@type":"ListItem","position":2,"name":"Aviso Legal"}]},{"@type":"WebSite","@id":"https:\/\/smylepets.com\/encuentra-mascota\/#website","url":"https:\/\/smylepets.com\/encuentra-mascota\/","name":"Smylepets","description":"Consejos e informaci\u00f3n para que tu mejor compa\u00f1ero sea uno m\u00e1s en la casa.","publisher":{"@id":"https:\/\/smylepets.com\/encuentra-mascota\/#organization"},"potentialAction":[{"@type":"SearchAction","target":{"@type":"EntryPoint","urlTemplate":"https:\/\/smylepets.com\/encuentra-mascota\/?s={search_term_string}"},"query-input":{"@type":"PropertyValueSpecification","valueRequired":true,"valueName":"search_term_string"}}],"inLanguage":"es"},{"@type":"Organization","@id":"https:\/\/smylepets.com\/encuentra-mascota\/#organization","name":"Smylepets","url":"https:\/\/smylepets.com\/encuentra-mascota\/","logo":{"@type":"ImageObject","inLanguage":"es","@id":"https:\/\/smylepets.com\/encuentra-mascota\/#\/schema\/logo\/image\/","url":"","contentUrl":"","caption":"Smylepets"},"image":{"@id":"https:\/\/smylepets.com\/encuentra-mascota\/#\/schema\/logo\/image\/"},"sameAs":["https:\/\/www.facebook.com\/Smylepets","https:\/\/x.com\/smylepets","https:\/\/www.instagram.com\/smylepets\/","https:\/\/www.pinterest.es\/Smylepets\/"]}]}},"_links":{"self":[{"href":"https:\/\/smylepets.com\/encuentra-mascota\/wp-json\/wp\/v2\/pages\/887","targetHints":{"allow":["GET"]}}],"collection":[{"href":"https:\/\/smylepets.com\/encuentra-mascota\/wp-json\/wp\/v2\/pages"}],"about":[{"href":"https:\/\/smylepets.com\/encuentra-mascota\/wp-json\/wp\/v2\/types\/page"}],"author":[{"embeddable":true,"href":"https:\/\/smylepets.com\/encuentra-mascota\/wp-json\/wp\/v2\/users\/48"}],"replies":[{"embeddable":true,"href":"https:\/\/smylepets.com\/encuentra-mascota\/wp-json\/wp\/v2\/comments?post=887"}],"version-history":[{"count":0,"href":"https:\/\/smylepets.com\/encuentra-mascota\/wp-json\/wp\/v2\/pages\/887\/revisions"}],"wp:attachment":[{"href":"https:\/\/smylepets.com\/encuentra-mascota\/wp-json\/wp\/v2\/media?parent=887"}],"curies":[{"name":"wp","href":"https:\/\/api.w.org\/{rel}","templated":true}]}}