{"id":885,"date":"2000-02-13T03:41:18","date_gmt":"2000-02-13T02:41:18","guid":{"rendered":"https:\/\/smylepets.com\/?page_id=885"},"modified":"2000-02-13T03:41:18","modified_gmt":"2000-02-13T02:41:18","slug":"politica-de-cookies","status":"publish","type":"page","link":"https:\/\/smylepets.com\/encuentra-mascota\/politica-de-cookies\/","title":{"rendered":"Pol\u00edtica de Cookies"},"content":{"rendered":"\t\t<div data-elementor-type=\"wp-page\" data-elementor-id=\"885\" class=\"elementor elementor-885\">\n\t\t\t\t\t\t<section class=\"elementor-section elementor-top-section elementor-element elementor-element-136e1b72 elementor-section-boxed elementor-section-height-default elementor-section-height-default\" data-id=\"136e1b72\" data-element_type=\"section\" data-e-type=\"section\">\n\t\t\t\t\t\t<div class=\"elementor-container elementor-column-gap-default\">\n\t\t\t\t\t<div class=\"elementor-column elementor-col-100 elementor-top-column elementor-element elementor-element-379e85f5\" data-id=\"379e85f5\" data-element_type=\"column\" data-e-type=\"column\">\n\t\t\t<div class=\"elementor-widget-wrap elementor-element-populated\">\n\t\t\t\t\t\t<div class=\"elementor-element elementor-element-77e1dfa1 elementor-widget elementor-widget-text-editor\" data-id=\"77e1dfa1\" data-element_type=\"widget\" data-e-type=\"widget\" data-widget_type=\"text-editor.default\">\n\t\t\t\t<div class=\"elementor-widget-container\">\n\t\t\t\t\t\t\t\t\t<p><\/p>\n<p>1. \u00bfQu\u00e9 son las cookies y el porqu\u00e9 de esta Pol\u00edtica de Cookies?<\/p>\n<p><\/p>\n<p>La web www.smylepets.com (en adelante la Web) utiliza Cookies.<\/p>\n<p>Las Cookies son ficheros enviados a un navegador por medio de un servidor web para registrar las actividades del usuario en una web determinada.<\/p>\n<p>La primera finalidad de las Cookies es la de facilitar al usuario un acceso m\u00e1s r\u00e1pido a los servicios seleccionados. Adem\u00e1s, las Cookies personalizan los servicios que ofrece la Web, facilitando y ofreciendo a cada usuario informaci\u00f3n que es de su inter\u00e9s o que puede ser de su inter\u00e9s, en atenci\u00f3n al uso que realiza de los Servicios.<\/p>\n<p><\/p>\n<p>La Web utiliza Cookies para personalizar y facilitar al m\u00e1ximo la navegaci\u00f3n del usuario. Las Cookies se asocian \u00fanicamente a un usuario an\u00f3nimo y su ordenador y no proporcionan referencias que permitan deducir datos personales del usuario. El usuario podr\u00e1 configurar su navegador para que notifique y rechace la instalaci\u00f3n las Cookies enviadas por la Web, sin que ello perjudique la posibilidad del usuario de acceder a los contenidos de dicha web.<\/p>\n<p>Sin embargo, le hacemos notar que, en todo caso, la calidad de funcionamiento de la p\u00e1gina Web puede disminuir.<\/p>\n<p><\/p>\n<p>Los usuarios registrados, que se registren o que hayan iniciado sesi\u00f3n, podr\u00e1n beneficiarse de unos servicios m\u00e1s personalizados y orientados a su perfil, gracias a la combinaci\u00f3n de los datos almacenados en las cookies con los datos personales utilizados en el momento de su registro. Dichos usuarios autorizan expresamente el uso de esta informaci\u00f3n con la finalidad indicada, sin perjuicio de su derecho a rechazar o deshabilitar el uso de cookies.<\/p>\n<p><\/p>\n<p>Asimismo, la Web podr\u00e1 saber todos los servicios solicitados por los usuarios, de forma que podr\u00e1n facilitar u ofrecer informaci\u00f3n adecuada a los gustos y preferencias de cada usuario.<\/p>\n<p><\/p>\n<p>2. \u00bfQu\u00e9 tipos de cookies existen?<\/p>\n<p><\/p>\n<p>Las Cookies, en funci\u00f3n de su Permanencia, pueden dividirse en:<\/p>\n<p><\/p>\n<p>\u2013 \u201cCookies de sesi\u00f3n\u201d: Las primeras expiran cuando el usuario cierra el navegador.<\/p>\n<p><\/p>\n<p>\u2013 \u201cCookies persistentes\u201d. Las segundas expiran en funci\u00f3n de cuando se cumpla el objetivo para el que sirven (por ejemplo, para que el usuario se mantenga identificado en los Servicios) o bien cuando se borran manualmente.<\/p>\n<p><\/p>\n<p>Adicionalmente, en funci\u00f3n de su Objetivo, las Cookies pueden clasificarse de la siguiente forma:<\/p>\n<p><\/p>\n<p>\u2013 Cookies de rendimiento: Este tipo de Cookie recuerda sus preferencias para las herramientas que se encuentran en los servicios, por lo que no tiene que volver a configurar el servicio cada vez que usted visita. A modo de ejemplo, en esta tipolog\u00eda se incluyen:<\/p>\n<p><\/p>\n<p>\u2013 Ajustes de volumen de reproductores de v\u00eddeo o sonido.<\/p>\n<p><\/p>\n<p>\u2013 Las velocidades de transmisi\u00f3n de v\u00eddeo que sean compatibles con su navegador.<\/p>\n<p><\/p>\n<p>\u2013 Cookies de geo-localizaci\u00f3n: estas cookies son utilizadas para averiguar en qu\u00e9 pa\u00eds se encuentra cuando se solicita un servicio. Esta cookie es totalmente an\u00f3nima, y s\u00f3lo se utiliza para ayudar a orientar el contenido a su ubicaci\u00f3n.<\/p>\n<p><\/p>\n<p>\u2013 Cookies de registro: las cookies de registro se generan una vez que el usuario se ha registrado o posteriormente ha abierto su sesi\u00f3n, y se utilizan para identificarle en los servicios con los siguientes objetivos:<\/p>\n<p><\/p>\n<p>\u2013 Mantener al usuario identificado de forma que, si cierra un servicio, el navegador o el ordenador y en otro momento u otro d\u00eda vuelve a entrar en dicho servicio, seguir\u00e1 identificado, facilitando as\u00ed su navegaci\u00f3n sin tener que volver a identificarse. Esta funcionalidad se puede suprimir si el usuario pulsa la funcionalidad \u201ccerrar sesi\u00f3n\u201d, de forma que esta cookie se elimina y la pr\u00f3xima vez que entre en el servicio el usuario tendr\u00e1 que iniciar sesi\u00f3n para estar identificado.<\/p>\n<p><\/p>\n<p>\u2013 Comprobar si el usuario est\u00e1 autorizado para acceder a ciertos servicios, por ejemplo, para participar en un concurso.<\/p>\n<p><\/p>\n<p>\u2013 Cookies anal\u00edticas: cada vez que un usuario visita un servicio, una herramienta de un proveedor externo genera una cookie anal\u00edtica en el ordenador del usuario. Esta cookie que s\u00f3lo se genera en la visita, servir\u00e1 en pr\u00f3ximas visitas a los Servicios de la Web para identificar de forma an\u00f3nima al visitante. Los objetivos principales que se persiguen son:<\/p>\n<p><\/p>\n<p>\u2013 Permitir la identificaci\u00f3n an\u00f3nima de los usuarios navegantes a trav\u00e9s de la \u201ccookie\u201d (identifica navegadores y dispositivos, no personas) y por lo tanto la contabilizaci\u00f3n aproximada del n\u00famero de visitantes y su tendencia en el tiempo.<\/p>\n<p><\/p>\n<p>\u2013 Identificar de forma an\u00f3nima los contenidos m\u00e1s visitados y por lo tanto m\u00e1s atractivos para los usuarios.<\/p>\n<p><\/p>\n<p>\u2013 Saber si el usuario que est\u00e1 accediendo es nuevo o repite visita.<\/p>\n<p><\/p>\n<p>\u2013 Importante: Salvo que el usuario decida registrarse en un servicio de la Web, la \u201ccookie\u201d nunca ir\u00e1 asociada a ning\u00fan dato de car\u00e1cter personal que pueda identificarle. Dichas cookies s\u00f3lo ser\u00e1n utilizadas con prop\u00f3sitos estad\u00edsticos que ayuden a la optimizaci\u00f3n de la experiencia de los usuarios en el sitio.<\/p>\n<p><\/p>\n<p>\u2013 Cookies de publicidad comportamental: este tipo de \u201ccookies\u201d permite ampliar la informaci\u00f3n de los anuncios mostrados a cada usuario an\u00f3nimo en los servicios de la web. Entre otros, se almacena la duraci\u00f3n o frecuencia de visualizaci\u00f3n de posiciones publicitarias, la interacci\u00f3n con las mismas, o los patrones de navegaci\u00f3n y\/o compartimientos del usuario ya que ayudan a conformar un perfil de inter\u00e9s publicitario. De este modo, permiten ofrecer publicidad af\u00edn a los intereses del usuario.<\/p>\n<p><\/p>\n<p>\u2013 Cookies publicitarias de terceros: adem\u00e1s de la publicidad gestionada por la web en sus servicios, la web ofrece a sus anunciantes la opci\u00f3n de servir anuncios a trav\u00e9s de terceros (\u201cAdServers\u201d). De este modo, estos terceros pueden almacenar cookies enviadas desde los servicios de la web procedentes de los navegadores de los usuarios, as\u00ed como acceder a los datos que en ellas se guardan.<\/p>\n<p><\/p>\n<p>3. \u00bfQu\u00e9 cookies utilizamos?<\/p>\n<p><\/p>\n<p>Las cookies que utilizamos en nuestra p\u00e1gina web son:<\/p>\n<p><\/p>\n<p>\u2013 Propias: Son aqu\u00e9llas que se env\u00edan al equipo terminal del usuario desde un equipo o dominio gestionado por el propio editor y desde el que se presta el servicio solicitado por el usuario. Las m\u00e1s comunes son:<\/p>\n<p><\/p>\n<p>\u2013 \u2013 Cookies de sesi\u00f3n.<\/p>\n<p><\/p>\n<p>\u2013 De terceros: Son aqu\u00e9llas que se env\u00edan al equipo terminal del usuario desde un equipo o dominio que no es gestionado por el editor, sino por otra entidad que trata los datos obtenidos trav\u00e9s de las cookies. Las m\u00e1s comunes son:<\/p>\n<p><\/p>\n<p>\u2013 \u2013 Google Analytics: https:\/\/support.google.com\/analytics\/answer\/6004245?hl=es<\/p>\n<p><\/p>\n<p>4. \u00bfC\u00f3mo deshabilitar las cookies?<\/p>\n<p><\/p>\n<p>Normalmente es posible dejar de aceptar las cookies del navegador, o dejar de aceptar las cookies de un servicio en particular.<\/p>\n<p><\/p>\n<p>Todos los navegadores modernos permiten cambiar la configuraci\u00f3n de cookies. Estos ajustes normalmente se encuentran en las \u201copciones\u201d o \u201cpreferencias\u201d del men\u00fa de su navegador. Asimismo, puede configurar su navegador o su gestor de correo electr\u00f3nico, as\u00ed como instalar complementos gratuitos para evitar que se descarguen los web bugs al abrir un email.<\/p>\n<p><\/p>\n<p>La web ofrece orientaci\u00f3n al usuario sobre los pasos para acceder al men\u00fa de configuraci\u00f3n de las cookies y, en su caso, de la navegaci\u00f3n privada en cada uno de los navegadores principales:<\/p>\n<p><\/p>\n<p>\u2013 Internet Explorer: Herramientas \u2013 &gt; Opciones de Internet \u2013 &gt; Privacidad \u2013 &gt; Configuraci\u00f3n.<\/p>\n<p><\/p>\n<p>\u2013 Para m\u00e1s informaci\u00f3n, puede consultar el soporte de Microsoft o la Ayuda del navegador.<\/p>\n<p><\/p>\n<p>\u2013 Firefox: Herramientas \u2013 &gt; Opciones \u2013 &gt; Privacidad \u2013 &gt; Historial \u2013 &gt; Configuraci\u00f3n personalizada.<\/p>\n<p><\/p>\n<p>\u2013 Chrome: Configuraci\u00f3n \u2013 &gt; Mostrar opciones avanzadas \u2013 &gt; Privacidad \u2013 &gt; Configuraci\u00f3n de contenido.<\/p>\n<p><\/p>\n<p>\u2013 Safari: Preferencias \u2013 &gt; Seguridad.<\/p>\n<p><\/p>\n<p>\u2013 Para m\u00e1s informaci\u00f3n, puede consultar el soporte de Apple o la Ayuda del navegador.<\/p>\n<p><\/p>\n<p>5. \u00bfSe pueden producir modificaciones de la Pol\u00edtica de Cookies?<\/p>\n<p><\/p>\n<p>La web puede modificar esta Pol\u00edtica de Cookies en funci\u00f3n de las exigencias legislativas, reglamentarias, o con la finalidad de adaptar dicha pol\u00edtica a las instrucciones dictadas por la Agencia Espa\u00f1ola de Protecci\u00f3n de Datos, por ello se aconseja a los usuarios que la visiten peri\u00f3dicamente.<\/p>\n<p><\/p>\n<p>Cuando se produzcan cambios significativos en esta Pol\u00edtica de Cookies, se comunicar\u00e1n a los usuarios bien mediante la web o a trav\u00e9s de correo electr\u00f3nico a los usuarios registrados.<\/p><p><span style=\"letter-spacing: -0.24px;\">Smyleptets participa en el Amazon EU Associates Programme, un programa de afiliaci\u00f3n dise\u00f1ado para dotar de un significado a sites para que de esta manera puedan ganar comisiones publicitando y enlazando a Amazon.es. (\u00ab<\/span><span style=\"background-color: rgb(251, 251, 251); color: rgb(50, 55, 60); font-family: &quot;Open Sans&quot;, sans-serif; font-size: 14.4px; letter-spacing: normal;\">Smylepets is a participant in the Amazon EU Associates Programme, an affiliate advertising programme designed to provide a means for sites to earn advertising fees by advertising and linking to Amazon.es\u00bb)<\/span><br><\/p>\n<p><\/p>\n<p>De esta manera, cumplo con la&nbsp;<a href=\"https:\/\/www.boe.es\/buscar\/act.php?id=BOE-A-2002-13758\" target=\"_blank\" rel=\"noreferrer noopener\">legislaci\u00f3n espa\u00f1ola<\/a>.<\/p>\n<p><\/p>\t\t\t\t\t\t\t\t<\/div>\n\t\t\t\t<\/div>\n\t\t\t\t\t<\/div>\n\t\t<\/div>\n\t\t\t\t\t<\/div>\n\t\t<\/section>\n\t\t\t\t<\/div>\n\t\t","protected":false},"excerpt":{"rendered":"<p>1. \u00bfQu\u00e9 son las cookies y el porqu\u00e9 de esta Pol\u00edtica de Cookies? La web www.smylepets.com (en adelante la Web) utiliza Cookies. Las Cookies son ficheros enviados a un navegador por medio de un servidor web para registrar las actividades del usuario en una web determinada. La primera finalidad de las Cookies es la de &#8230; <a title=\"Pol\u00edtica de Cookies\" class=\"read-more\" href=\"https:\/\/smylepets.com\/encuentra-mascota\/politica-de-cookies\/\" aria-label=\"Leer m\u00e1s sobre Pol\u00edtica de Cookies\">Leer m\u00e1s<\/a><\/p>\n","protected":false},"author":48,"featured_media":0,"parent":0,"menu_order":9997,"comment_status":"closed","ping_status":"closed","template":"","meta":{"_acf_changed":false,"ub_ctt_via":"","_themeisle_gutenberg_block_has_review":false,"_joinchat":[],"footnotes":""},"class_list":["post-885","page","type-page","status-publish"],"acf":{"ciudad":null,"ubicacion":null,"raza":null,"descripciontcorta":null,"animal":null,"telefono":null,"title":null,"numero_nucleo_zoologico":null,"texto_boton":null,"icono_whatsapp":null,"tabla_criadero":null,"shortcode_maps":null,"galeria_de_imagenes":null,"tabla_de_lista":null,"typeform":null,"imagen_mapa_":null,"typeform_iframe":null},"featured_image_src":null,"yoast_head":"<!-- This site is optimized with the Yoast SEO plugin v27.5 - https:\/\/yoast.com\/product\/yoast-seo-wordpress\/ -->\n<title>Encuentra tu Pol\u00edtica de Cookies | Smylepets<\/title>\n<meta name=\"description\" content=\"Descubre en SmylePets el criadero de Pol\u00edtica de Cookies donde la calidad y el bienestar son nuestra prioridad. Pol\u00edtica de Cookies cuidado con amor y dedicaci\u00f3n para garantizar mascotas saludables y felices.\" \/>\n<meta name=\"robots\" content=\"noindex, follow\" \/>\n<meta property=\"og:locale\" content=\"es_ES\" \/>\n<meta property=\"og:type\" content=\"article\" \/>\n<meta property=\"og:title\" content=\"Encuentra tu Pol\u00edtica de Cookies | Smylepets\" \/>\n<meta property=\"og:description\" content=\"Descubre en SmylePets el criadero de Pol\u00edtica de Cookies donde la calidad y el bienestar son nuestra prioridad. Pol\u00edtica de Cookies cuidado con amor y dedicaci\u00f3n para garantizar mascotas saludables y felices.\" \/>\n<meta property=\"og:url\" content=\"https:\/\/smylepets.com\/encuentra-mascota\/politica-de-cookies\/\" \/>\n<meta property=\"og:site_name\" content=\"Smylepets\" \/>\n<meta property=\"article:publisher\" content=\"https:\/\/www.facebook.com\/Smylepets\" \/>\n<meta property=\"og:image\" content=\"https:\/\/i0.wp.com\/api.smylepets.com\/encuentra-mascota\/wp-content\/uploads\/2021\/01\/Logo-SMYLE-PETS-web_Mesa-de-trabajo-1-04.png?fit=1755%2C1241&ssl=1\" \/>\n\t<meta property=\"og:image:width\" content=\"1755\" \/>\n\t<meta property=\"og:image:height\" content=\"1241\" \/>\n\t<meta property=\"og:image:type\" content=\"image\/png\" \/>\n<meta name=\"twitter:card\" content=\"summary_large_image\" \/>\n<meta name=\"twitter:site\" content=\"@smylepets\" \/>\n<meta name=\"twitter:label1\" content=\"Tiempo de lectura\" \/>\n\t<meta name=\"twitter:data1\" content=\"7 minutos\" \/>\n<script type=\"application\/ld+json\" class=\"yoast-schema-graph\">{\"@context\":\"https:\\\/\\\/schema.org\",\"@graph\":[{\"@type\":\"WebPage\",\"@id\":\"https:\\\/\\\/smylepets.com\\\/encuentra-mascota\\\/politica-de-cookies\\\/\",\"url\":\"https:\\\/\\\/smylepets.com\\\/encuentra-mascota\\\/politica-de-cookies\\\/\",\"name\":\"Encuentra tu Pol\u00edtica de Cookies | Smylepets\",\"isPartOf\":{\"@id\":\"https:\\\/\\\/smylepets.com\\\/encuentra-mascota\\\/#website\"},\"datePublished\":\"2000-02-13T02:41:18+00:00\",\"description\":\"Descubre en SmylePets el criadero de Pol\u00edtica de Cookies donde la calidad y el bienestar son nuestra prioridad. Pol\u00edtica de Cookies cuidado con amor y dedicaci\u00f3n para garantizar mascotas saludables y felices.\",\"breadcrumb\":{\"@id\":\"https:\\\/\\\/smylepets.com\\\/encuentra-mascota\\\/politica-de-cookies\\\/#breadcrumb\"},\"inLanguage\":\"es\",\"potentialAction\":[{\"@type\":\"ReadAction\",\"target\":[\"https:\\\/\\\/smylepets.com\\\/encuentra-mascota\\\/politica-de-cookies\\\/\"]}]},{\"@type\":\"BreadcrumbList\",\"@id\":\"https:\\\/\\\/smylepets.com\\\/encuentra-mascota\\\/politica-de-cookies\\\/#breadcrumb\",\"itemListElement\":[{\"@type\":\"ListItem\",\"position\":1,\"name\":\"Home\",\"item\":\"https:\\\/\\\/smylepets.com\\\/encuentra-mascota\\\/\"},{\"@type\":\"ListItem\",\"position\":2,\"name\":\"Pol\u00edtica de Cookies\"}]},{\"@type\":\"WebSite\",\"@id\":\"https:\\\/\\\/smylepets.com\\\/encuentra-mascota\\\/#website\",\"url\":\"https:\\\/\\\/smylepets.com\\\/encuentra-mascota\\\/\",\"name\":\"Smylepets\",\"description\":\"Consejos e informaci\u00f3n para que tu mejor compa\u00f1ero sea uno m\u00e1s en la casa.\",\"publisher\":{\"@id\":\"https:\\\/\\\/smylepets.com\\\/encuentra-mascota\\\/#organization\"},\"potentialAction\":[{\"@type\":\"SearchAction\",\"target\":{\"@type\":\"EntryPoint\",\"urlTemplate\":\"https:\\\/\\\/smylepets.com\\\/encuentra-mascota\\\/?s={search_term_string}\"},\"query-input\":{\"@type\":\"PropertyValueSpecification\",\"valueRequired\":true,\"valueName\":\"search_term_string\"}}],\"inLanguage\":\"es\"},{\"@type\":\"Organization\",\"@id\":\"https:\\\/\\\/smylepets.com\\\/encuentra-mascota\\\/#organization\",\"name\":\"Smylepets\",\"url\":\"https:\\\/\\\/smylepets.com\\\/encuentra-mascota\\\/\",\"logo\":{\"@type\":\"ImageObject\",\"inLanguage\":\"es\",\"@id\":\"https:\\\/\\\/smylepets.com\\\/encuentra-mascota\\\/#\\\/schema\\\/logo\\\/image\\\/\",\"url\":\"\",\"contentUrl\":\"\",\"caption\":\"Smylepets\"},\"image\":{\"@id\":\"https:\\\/\\\/smylepets.com\\\/encuentra-mascota\\\/#\\\/schema\\\/logo\\\/image\\\/\"},\"sameAs\":[\"https:\\\/\\\/www.facebook.com\\\/Smylepets\",\"https:\\\/\\\/x.com\\\/smylepets\",\"https:\\\/\\\/www.instagram.com\\\/smylepets\\\/\",\"https:\\\/\\\/www.pinterest.es\\\/Smylepets\\\/\"]}]}<\/script>\n<!-- \/ Yoast SEO plugin. -->","yoast_head_json":{"title":"Encuentra tu Pol\u00edtica de Cookies | Smylepets","description":"Descubre en SmylePets el criadero de Pol\u00edtica de Cookies donde la calidad y el bienestar son nuestra prioridad. Pol\u00edtica de Cookies cuidado con amor y dedicaci\u00f3n para garantizar mascotas saludables y felices.","robots":{"index":"noindex","follow":"follow"},"og_locale":"es_ES","og_type":"article","og_title":"Encuentra tu Pol\u00edtica de Cookies | Smylepets","og_description":"Descubre en SmylePets el criadero de Pol\u00edtica de Cookies donde la calidad y el bienestar son nuestra prioridad. Pol\u00edtica de Cookies cuidado con amor y dedicaci\u00f3n para garantizar mascotas saludables y felices.","og_url":"https:\/\/smylepets.com\/encuentra-mascota\/politica-de-cookies\/","og_site_name":"Smylepets","article_publisher":"https:\/\/www.facebook.com\/Smylepets","og_image":[{"width":1755,"height":1241,"url":"https:\/\/i0.wp.com\/api.smylepets.com\/encuentra-mascota\/wp-content\/uploads\/2021\/01\/Logo-SMYLE-PETS-web_Mesa-de-trabajo-1-04.png?fit=1755%2C1241&ssl=1","type":"image\/png"}],"twitter_card":"summary_large_image","twitter_site":"@smylepets","twitter_misc":{"Tiempo de lectura":"7 minutos"},"schema":{"@context":"https:\/\/schema.org","@graph":[{"@type":"WebPage","@id":"https:\/\/smylepets.com\/encuentra-mascota\/politica-de-cookies\/","url":"https:\/\/smylepets.com\/encuentra-mascota\/politica-de-cookies\/","name":"Encuentra tu Pol\u00edtica de Cookies | Smylepets","isPartOf":{"@id":"https:\/\/smylepets.com\/encuentra-mascota\/#website"},"datePublished":"2000-02-13T02:41:18+00:00","description":"Descubre en SmylePets el criadero de Pol\u00edtica de Cookies donde la calidad y el bienestar son nuestra prioridad. Pol\u00edtica de Cookies cuidado con amor y dedicaci\u00f3n para garantizar mascotas saludables y felices.","breadcrumb":{"@id":"https:\/\/smylepets.com\/encuentra-mascota\/politica-de-cookies\/#breadcrumb"},"inLanguage":"es","potentialAction":[{"@type":"ReadAction","target":["https:\/\/smylepets.com\/encuentra-mascota\/politica-de-cookies\/"]}]},{"@type":"BreadcrumbList","@id":"https:\/\/smylepets.com\/encuentra-mascota\/politica-de-cookies\/#breadcrumb","itemListElement":[{"@type":"ListItem","position":1,"name":"Home","item":"https:\/\/smylepets.com\/encuentra-mascota\/"},{"@type":"ListItem","position":2,"name":"Pol\u00edtica de Cookies"}]},{"@type":"WebSite","@id":"https:\/\/smylepets.com\/encuentra-mascota\/#website","url":"https:\/\/smylepets.com\/encuentra-mascota\/","name":"Smylepets","description":"Consejos e informaci\u00f3n para que tu mejor compa\u00f1ero sea uno m\u00e1s en la casa.","publisher":{"@id":"https:\/\/smylepets.com\/encuentra-mascota\/#organization"},"potentialAction":[{"@type":"SearchAction","target":{"@type":"EntryPoint","urlTemplate":"https:\/\/smylepets.com\/encuentra-mascota\/?s={search_term_string}"},"query-input":{"@type":"PropertyValueSpecification","valueRequired":true,"valueName":"search_term_string"}}],"inLanguage":"es"},{"@type":"Organization","@id":"https:\/\/smylepets.com\/encuentra-mascota\/#organization","name":"Smylepets","url":"https:\/\/smylepets.com\/encuentra-mascota\/","logo":{"@type":"ImageObject","inLanguage":"es","@id":"https:\/\/smylepets.com\/encuentra-mascota\/#\/schema\/logo\/image\/","url":"","contentUrl":"","caption":"Smylepets"},"image":{"@id":"https:\/\/smylepets.com\/encuentra-mascota\/#\/schema\/logo\/image\/"},"sameAs":["https:\/\/www.facebook.com\/Smylepets","https:\/\/x.com\/smylepets","https:\/\/www.instagram.com\/smylepets\/","https:\/\/www.pinterest.es\/Smylepets\/"]}]}},"_links":{"self":[{"href":"https:\/\/smylepets.com\/encuentra-mascota\/wp-json\/wp\/v2\/pages\/885","targetHints":{"allow":["GET"]}}],"collection":[{"href":"https:\/\/smylepets.com\/encuentra-mascota\/wp-json\/wp\/v2\/pages"}],"about":[{"href":"https:\/\/smylepets.com\/encuentra-mascota\/wp-json\/wp\/v2\/types\/page"}],"author":[{"embeddable":true,"href":"https:\/\/smylepets.com\/encuentra-mascota\/wp-json\/wp\/v2\/users\/48"}],"replies":[{"embeddable":true,"href":"https:\/\/smylepets.com\/encuentra-mascota\/wp-json\/wp\/v2\/comments?post=885"}],"version-history":[{"count":0,"href":"https:\/\/smylepets.com\/encuentra-mascota\/wp-json\/wp\/v2\/pages\/885\/revisions"}],"wp:attachment":[{"href":"https:\/\/smylepets.com\/encuentra-mascota\/wp-json\/wp\/v2\/media?parent=885"}],"curies":[{"name":"wp","href":"https:\/\/api.w.org\/{rel}","templated":true}]}}