{"id":879,"date":"2000-02-13T03:34:53","date_gmt":"2000-02-13T02:34:53","guid":{"rendered":"https:\/\/smylepets.com\/?page_id=879"},"modified":"2000-02-13T03:34:53","modified_gmt":"2000-02-13T02:34:53","slug":"politica-de-privacidad","status":"publish","type":"page","link":"https:\/\/smylepets.com\/encuentra-mascota\/politica-de-privacidad\/","title":{"rendered":"Pol\u00edtica de Privacidad"},"content":{"rendered":"\t\t<div data-elementor-type=\"wp-page\" data-elementor-id=\"879\" class=\"elementor elementor-879\">\n\t\t\t\t\t\t<section class=\"elementor-section elementor-top-section elementor-element elementor-element-16adf470 elementor-section-boxed elementor-section-height-default elementor-section-height-default\" data-id=\"16adf470\" data-element_type=\"section\" data-e-type=\"section\">\n\t\t\t\t\t\t<div class=\"elementor-container elementor-column-gap-default\">\n\t\t\t\t\t<div class=\"elementor-column elementor-col-100 elementor-top-column elementor-element elementor-element-14a6c1da\" data-id=\"14a6c1da\" data-element_type=\"column\" data-e-type=\"column\">\n\t\t\t<div class=\"elementor-widget-wrap elementor-element-populated\">\n\t\t\t\t\t\t<div class=\"elementor-element elementor-element-13322a19 elementor-widget elementor-widget-text-editor\" data-id=\"13322a19\" data-element_type=\"widget\" data-e-type=\"widget\" data-widget_type=\"text-editor.default\">\n\t\t\t\t<div class=\"elementor-widget-container\">\n\t\t\t\t\t\t\t\t\t<p><\/p>\n<p>Siguiendo los principios de licitud, lealtad y transparencia, pongo a su disposici\u00f3n la presente Pol\u00edtica de Privacidad.<\/p>\n<p><\/p>\n<p><\/p>\n<p>\u00bfQui\u00e9n es el Responsable del tratamiento de sus datos?<\/p>\n<p><\/p>\n<p><\/p>\n<p>Jes\u00fas Miguel Ortiz Simal (en adelante www.smylepets.com)<br \/>NIF: 51.428.605 F<br \/>DOMICILIO SOCIAL: Castiello de Jaca N\u00ba11-13, 28050, Madrid<br \/>Email: chus@smylepets.com<br \/>Tel\u00e9fono: 91 073 80 54<br \/>Datos del DPO: GRUPO ADAPTALIA \u2013 LEGAL FORMATIVO S.L. | legal@grupoadaptalia.es | 91 553 34 08<\/p>\n<p><\/p>\n<p><\/p>\n<p>\u00bfCon qu\u00e9 finalidad trato sus datos personales?<\/p>\n<p><\/p>\n<p><\/p>\n<p>En www.smylepets.com\u00a0trato la informaci\u00f3n que me facilita con la finalidad de gestionar la relaci\u00f3n contractual que nos une, gestionar el env\u00edo de la informaci\u00f3n que me solicita, facilitar a los interesados ofertas de mis servicios y\/o productos de su inter\u00e9s y\/o gestionar su candidatura.<\/p>\n<p><\/p>\n<p><\/p>\n<p>\u00bfPor cu\u00e1nto tiempo conservar\u00e9 sus datos personales?<\/p>\n<p><\/p>\n<p><\/p>\n<p>Sus datos, ser\u00e1n conservados el tiempo m\u00ednimo necesario para la correcta prestaci\u00f3n del servicio ofrecido as\u00ed como para atender las responsabilidades que se pudieran derivar del mismo y de cualquier otra exigencia legal.<\/p>\n<p><\/p>\n<p><\/p>\n<p>\u00bfCu\u00e1l es la legitimaci\u00f3n para el tratamiento de sus datos?<\/p>\n<p><\/p>\n<p><\/p>\n<p>La base legal para el tratamiento de sus datos personales puede ser la ejecuci\u00f3n de una relaci\u00f3n contractual potencial y\/o suscrita, el inter\u00e9s leg\u00edtimo, la habilitaci\u00f3n legal y\/o el consentimiento del propio interesado. Los datos que le solicito son adecuados, pertinentes y estrictamente necesarios y en ning\u00fan caso est\u00e1 obligado a facilit\u00e1rmelos, pero su no comunicaci\u00f3n podr\u00e1 afectar a la finalidad del servicio o la imposibilidad de prestarlo.<\/p>\n<p><\/p>\n<p><\/p>\n<p>\u00bfA qu\u00e9 destinatarios se comunicar\u00e1n sus datos?<\/p>\n<p><\/p>\n<p><\/p>\n<p><span style=\"color: var( --e-global-color-text ); background-color: var( --e-global-color-25bf2ba );\">www.smylepets.com<\/span>\u00a0no comunicar\u00e1 sus datos a ning\u00fan tercero, salvo que se informe de ello expresamente.<\/p>\n<p><\/p>\n<p><\/p>\n<p>\u00bfCu\u00e1les son sus derechos cuando me facilita sus datos?<\/p>\n<p><\/p>\n<p><\/p>\n<p>Los derechos de protecci\u00f3n de datos de los que son titulares los interesados son:<\/p>\n<p><\/p>\n<p><\/p>\n<ul class=\"wp-block-list\">\n<li>Derecho a solicitar el acceso a los datos personales relativos al interesado.<\/li>\n<li>Derecho de rectificaci\u00f3n o supresi\u00f3n.<\/li>\n<li>Derecho de oposici\u00f3n.<\/li>\n<li>Derecho a solicitar la limitaci\u00f3n de su tratamiento.<\/li>\n<li>Derecho a la portabilidad de los datos.<\/li>\n<\/ul>\n<p><\/p>\n<p><\/p>\n<p>Los titulares de los datos personales obtenidos, podr\u00e1n ejercer sus derechos de protecci\u00f3n de datos personales dirigiendo una comunicaci\u00f3n por escrito al domicilio social de www.smylepets.com\u00a0o al correo electr\u00f3nico habilitado a tal efecto, chus@smylepets.com, incluyendo en ambos casos fotocopia de su DNI u otro documento de identificaci\u00f3n equivalente.<\/p>\n<p><\/p>\n<p><\/p>\n<p>Modelos, formularios y m\u00e1s informaci\u00f3n disponible sobre sus derechos en la p\u00e1gina web de la autoridad de control nacional, Agencia Espa\u00f1ola de Protecci\u00f3n de Datos, en adelante, AEPD,\u00a0<a href=\"https:\/\/www.agpd.es\/\" target=\"_blank\" rel=\"noreferrer noopener\">www.agpd.es<\/a>.<\/p>\n<p><\/p>\n<p><\/p>\n<p>\u00bfPuedo retirar el consentimiento?<\/p>\n<p><\/p>\n<p><\/p>\n<p>Usted tiene la posibilidad y el derecho a retirar el consentimiento para cualquiera finalidad espec\u00edfica otorgada en su momento, sin que ello afecte a la licitud del tratamiento basado en el consentimiento previo a su retirada.<\/p>\n<p><\/p>\n<p><\/p>\n<p>\u00bfD\u00f3nde puedo reclamar en caso de que considere que no se tratan mis datos correctamente?<\/p>\n<p><\/p>\n<p><\/p>\n<p>Si alg\u00fan interesado considera que sus datos no son tratados correctamente por www.smylepets.com\u00a0puede dirigir sus reclamaciones al correo chus@smylepets.com o a la autoridad de protecci\u00f3n de datos que corresponda, siendo la AEPD la indicada en el territorio nacional,\u00a0<a href=\"https:\/\/www.agpd.es\/\" target=\"_blank\" rel=\"noreferrer noopener\">www.agpd.es<\/a><\/p>\n<p><\/p>\n<p><\/p>\n<p>Seguridad y actualizaci\u00f3n de sus datos personales<\/p>\n<p><\/p>\n<p><\/p>\n<p>Con el objetivo de salvaguardar la seguridad de sus datos personales, le informo que\u00a0<span style=\"color: var( --e-global-color-text ); background-color: var( --e-global-color-25bf2ba );\">www.smylepets.com<\/span><span style=\"color: var( --e-global-color-text ); background-color: var( --e-global-color-25bf2ba );\">\u00a0ha adoptado todas las medidas de \u00edndole t\u00e9cnica y organizativa necesarias para garantizar la seguridad de los datos personales suministrados. Todo ello para evitar su alteraci\u00f3n, p\u00e9rdida, y\/o tratamientos o accesos no autorizados, tal como exige la normativa, si bien la seguridad absoluta no existe.<\/span><\/p>\n<p><\/p>\n<p><\/p>\n<p>Es importante que, para que pueda mantener sus datos personales actualizados, me informe siempre que se produzca una modificaci\u00f3n de los mismos.<\/p>\n<p><\/p>\n<p><\/p>\n<p>Confidencialidad<\/p>\n<p><\/p>\n<p><\/p>\n<p><span style=\"color: var( --e-global-color-text ); background-color: var( --e-global-color-25bf2ba );\">www.smylepets.com<\/span>\u00a0le informa que sus datos ser\u00e1n tratados con el m\u00e1ximo celo y confidencialidad por todo el personal que intervenga en cualquiera de las fases del tratamiento. No ceder\u00e9 ni comunicar\u00e9 a ning\u00fan tercero sus datos, excepto en los casos legalmente previstos, o salvo que el interesado me hubiera autorizado expresamente.<\/p>\n<p><\/p>\n<p><\/p>\n<p>De esta manera, cumplo con la\u00a0<a href=\"https:\/\/www.boe.es\/buscar\/act.php?id=BOE-A-2002-13758\" target=\"_blank\" rel=\"noreferrer noopener\">legislaci\u00f3n espa\u00f1ola<\/a>.<\/p>\n<p><\/p>\t\t\t\t\t\t\t\t<\/div>\n\t\t\t\t<\/div>\n\t\t\t\t\t<\/div>\n\t\t<\/div>\n\t\t\t\t\t<\/div>\n\t\t<\/section>\n\t\t\t\t<\/div>\n\t\t","protected":false},"excerpt":{"rendered":"<p>Siguiendo los principios de licitud, lealtad y transparencia, pongo a su disposici\u00f3n la presente Pol\u00edtica de Privacidad. \u00bfQui\u00e9n es el Responsable del tratamiento de sus datos? NIF: B56423940, Smylepets 1981 SLU (en adelante www.smylepets.com)DOMICILIO SOCIAL: Castiello de Jaca N\u00ba11-13, 28050, MadridEmail: chus@smylepets.comTel\u00e9fono: 91 073 80 54Datos del DPO: GRUPO ADAPTALIA \u2013 LEGAL FORMATIVO S.L. | &#8230; <a title=\"Pol\u00edtica de Privacidad\" class=\"read-more\" href=\"https:\/\/smylepets.com\/encuentra-mascota\/politica-de-privacidad\/\" aria-label=\"Leer m\u00e1s sobre Pol\u00edtica de Privacidad\">Leer m\u00e1s<\/a><\/p>\n","protected":false},"author":48,"featured_media":0,"parent":0,"menu_order":9998,"comment_status":"closed","ping_status":"closed","template":"","meta":{"_acf_changed":false,"ub_ctt_via":"","_themeisle_gutenberg_block_has_review":false,"_joinchat":[],"footnotes":""},"class_list":["post-879","page","type-page","status-publish"],"acf":{"ciudad":null,"ubicacion":null,"raza":null,"descripciontcorta":null,"animal":null,"telefono":null,"title":null,"numero_nucleo_zoologico":null,"texto_boton":null,"icono_whatsapp":null,"tabla_criadero":null,"shortcode_maps":null,"galeria_de_imagenes":null,"tabla_de_lista":null,"typeform":null,"imagen_mapa_":null,"typeform_iframe":null},"featured_image_src":null,"yoast_head":"<!-- This site is optimized with the Yoast SEO plugin v27.5 - https:\/\/yoast.com\/product\/yoast-seo-wordpress\/ -->\n<title>Encuentra tu Pol\u00edtica de Privacidad | Smylepets<\/title>\n<meta name=\"description\" content=\"Descubre en SmylePets el criadero de Pol\u00edtica de Privacidad donde la calidad y el bienestar son nuestra prioridad. Pol\u00edtica de Privacidad cuidado con amor y dedicaci\u00f3n para garantizar mascotas saludables y felices.\" \/>\n<meta name=\"robots\" content=\"noindex, follow\" \/>\n<meta property=\"og:locale\" content=\"es_ES\" \/>\n<meta property=\"og:type\" content=\"article\" \/>\n<meta property=\"og:title\" content=\"Encuentra tu Pol\u00edtica de Privacidad | Smylepets\" \/>\n<meta property=\"og:description\" content=\"Descubre en SmylePets el criadero de Pol\u00edtica de Privacidad donde la calidad y el bienestar son nuestra prioridad. Pol\u00edtica de Privacidad cuidado con amor y dedicaci\u00f3n para garantizar mascotas saludables y felices.\" \/>\n<meta property=\"og:url\" content=\"https:\/\/smylepets.com\/encuentra-mascota\/politica-de-privacidad\/\" \/>\n<meta property=\"og:site_name\" content=\"Smylepets\" \/>\n<meta property=\"article:publisher\" content=\"https:\/\/www.facebook.com\/Smylepets\" \/>\n<meta property=\"og:image\" content=\"https:\/\/i0.wp.com\/api.smylepets.com\/encuentra-mascota\/wp-content\/uploads\/2021\/01\/Logo-SMYLE-PETS-web_Mesa-de-trabajo-1-04.png?fit=1755%2C1241&ssl=1\" \/>\n\t<meta property=\"og:image:width\" content=\"1755\" \/>\n\t<meta property=\"og:image:height\" content=\"1241\" \/>\n\t<meta property=\"og:image:type\" content=\"image\/png\" \/>\n<meta name=\"twitter:card\" content=\"summary_large_image\" \/>\n<meta name=\"twitter:site\" content=\"@smylepets\" \/>\n<meta name=\"twitter:label1\" content=\"Tiempo de lectura\" \/>\n\t<meta name=\"twitter:data1\" content=\"4 minutos\" \/>\n<script type=\"application\/ld+json\" class=\"yoast-schema-graph\">{\"@context\":\"https:\\\/\\\/schema.org\",\"@graph\":[{\"@type\":\"WebPage\",\"@id\":\"https:\\\/\\\/smylepets.com\\\/encuentra-mascota\\\/politica-de-privacidad\\\/\",\"url\":\"https:\\\/\\\/smylepets.com\\\/encuentra-mascota\\\/politica-de-privacidad\\\/\",\"name\":\"Encuentra tu Pol\u00edtica de Privacidad | Smylepets\",\"isPartOf\":{\"@id\":\"https:\\\/\\\/smylepets.com\\\/encuentra-mascota\\\/#website\"},\"datePublished\":\"2000-02-13T02:34:53+00:00\",\"description\":\"Descubre en SmylePets el criadero de Pol\u00edtica de Privacidad donde la calidad y el bienestar son nuestra prioridad. Pol\u00edtica de Privacidad cuidado con amor y dedicaci\u00f3n para garantizar mascotas saludables y felices.\",\"breadcrumb\":{\"@id\":\"https:\\\/\\\/smylepets.com\\\/encuentra-mascota\\\/politica-de-privacidad\\\/#breadcrumb\"},\"inLanguage\":\"es\",\"potentialAction\":[{\"@type\":\"ReadAction\",\"target\":[\"https:\\\/\\\/smylepets.com\\\/encuentra-mascota\\\/politica-de-privacidad\\\/\"]}]},{\"@type\":\"BreadcrumbList\",\"@id\":\"https:\\\/\\\/smylepets.com\\\/encuentra-mascota\\\/politica-de-privacidad\\\/#breadcrumb\",\"itemListElement\":[{\"@type\":\"ListItem\",\"position\":1,\"name\":\"Home\",\"item\":\"https:\\\/\\\/smylepets.com\\\/encuentra-mascota\\\/\"},{\"@type\":\"ListItem\",\"position\":2,\"name\":\"Pol\u00edtica de Privacidad\"}]},{\"@type\":\"WebSite\",\"@id\":\"https:\\\/\\\/smylepets.com\\\/encuentra-mascota\\\/#website\",\"url\":\"https:\\\/\\\/smylepets.com\\\/encuentra-mascota\\\/\",\"name\":\"Smylepets\",\"description\":\"Consejos e informaci\u00f3n para que tu mejor compa\u00f1ero sea uno m\u00e1s en la casa.\",\"publisher\":{\"@id\":\"https:\\\/\\\/smylepets.com\\\/encuentra-mascota\\\/#organization\"},\"potentialAction\":[{\"@type\":\"SearchAction\",\"target\":{\"@type\":\"EntryPoint\",\"urlTemplate\":\"https:\\\/\\\/smylepets.com\\\/encuentra-mascota\\\/?s={search_term_string}\"},\"query-input\":{\"@type\":\"PropertyValueSpecification\",\"valueRequired\":true,\"valueName\":\"search_term_string\"}}],\"inLanguage\":\"es\"},{\"@type\":\"Organization\",\"@id\":\"https:\\\/\\\/smylepets.com\\\/encuentra-mascota\\\/#organization\",\"name\":\"Smylepets\",\"url\":\"https:\\\/\\\/smylepets.com\\\/encuentra-mascota\\\/\",\"logo\":{\"@type\":\"ImageObject\",\"inLanguage\":\"es\",\"@id\":\"https:\\\/\\\/smylepets.com\\\/encuentra-mascota\\\/#\\\/schema\\\/logo\\\/image\\\/\",\"url\":\"\",\"contentUrl\":\"\",\"caption\":\"Smylepets\"},\"image\":{\"@id\":\"https:\\\/\\\/smylepets.com\\\/encuentra-mascota\\\/#\\\/schema\\\/logo\\\/image\\\/\"},\"sameAs\":[\"https:\\\/\\\/www.facebook.com\\\/Smylepets\",\"https:\\\/\\\/x.com\\\/smylepets\",\"https:\\\/\\\/www.instagram.com\\\/smylepets\\\/\",\"https:\\\/\\\/www.pinterest.es\\\/Smylepets\\\/\"]}]}<\/script>\n<!-- \/ Yoast SEO plugin. -->","yoast_head_json":{"title":"Encuentra tu Pol\u00edtica de Privacidad | Smylepets","description":"Descubre en SmylePets el criadero de Pol\u00edtica de Privacidad donde la calidad y el bienestar son nuestra prioridad. Pol\u00edtica de Privacidad cuidado con amor y dedicaci\u00f3n para garantizar mascotas saludables y felices.","robots":{"index":"noindex","follow":"follow"},"og_locale":"es_ES","og_type":"article","og_title":"Encuentra tu Pol\u00edtica de Privacidad | Smylepets","og_description":"Descubre en SmylePets el criadero de Pol\u00edtica de Privacidad donde la calidad y el bienestar son nuestra prioridad. Pol\u00edtica de Privacidad cuidado con amor y dedicaci\u00f3n para garantizar mascotas saludables y felices.","og_url":"https:\/\/smylepets.com\/encuentra-mascota\/politica-de-privacidad\/","og_site_name":"Smylepets","article_publisher":"https:\/\/www.facebook.com\/Smylepets","og_image":[{"width":1755,"height":1241,"url":"https:\/\/i0.wp.com\/api.smylepets.com\/encuentra-mascota\/wp-content\/uploads\/2021\/01\/Logo-SMYLE-PETS-web_Mesa-de-trabajo-1-04.png?fit=1755%2C1241&ssl=1","type":"image\/png"}],"twitter_card":"summary_large_image","twitter_site":"@smylepets","twitter_misc":{"Tiempo de lectura":"4 minutos"},"schema":{"@context":"https:\/\/schema.org","@graph":[{"@type":"WebPage","@id":"https:\/\/smylepets.com\/encuentra-mascota\/politica-de-privacidad\/","url":"https:\/\/smylepets.com\/encuentra-mascota\/politica-de-privacidad\/","name":"Encuentra tu Pol\u00edtica de Privacidad | Smylepets","isPartOf":{"@id":"https:\/\/smylepets.com\/encuentra-mascota\/#website"},"datePublished":"2000-02-13T02:34:53+00:00","description":"Descubre en SmylePets el criadero de Pol\u00edtica de Privacidad donde la calidad y el bienestar son nuestra prioridad. Pol\u00edtica de Privacidad cuidado con amor y dedicaci\u00f3n para garantizar mascotas saludables y felices.","breadcrumb":{"@id":"https:\/\/smylepets.com\/encuentra-mascota\/politica-de-privacidad\/#breadcrumb"},"inLanguage":"es","potentialAction":[{"@type":"ReadAction","target":["https:\/\/smylepets.com\/encuentra-mascota\/politica-de-privacidad\/"]}]},{"@type":"BreadcrumbList","@id":"https:\/\/smylepets.com\/encuentra-mascota\/politica-de-privacidad\/#breadcrumb","itemListElement":[{"@type":"ListItem","position":1,"name":"Home","item":"https:\/\/smylepets.com\/encuentra-mascota\/"},{"@type":"ListItem","position":2,"name":"Pol\u00edtica de Privacidad"}]},{"@type":"WebSite","@id":"https:\/\/smylepets.com\/encuentra-mascota\/#website","url":"https:\/\/smylepets.com\/encuentra-mascota\/","name":"Smylepets","description":"Consejos e informaci\u00f3n para que tu mejor compa\u00f1ero sea uno m\u00e1s en la casa.","publisher":{"@id":"https:\/\/smylepets.com\/encuentra-mascota\/#organization"},"potentialAction":[{"@type":"SearchAction","target":{"@type":"EntryPoint","urlTemplate":"https:\/\/smylepets.com\/encuentra-mascota\/?s={search_term_string}"},"query-input":{"@type":"PropertyValueSpecification","valueRequired":true,"valueName":"search_term_string"}}],"inLanguage":"es"},{"@type":"Organization","@id":"https:\/\/smylepets.com\/encuentra-mascota\/#organization","name":"Smylepets","url":"https:\/\/smylepets.com\/encuentra-mascota\/","logo":{"@type":"ImageObject","inLanguage":"es","@id":"https:\/\/smylepets.com\/encuentra-mascota\/#\/schema\/logo\/image\/","url":"","contentUrl":"","caption":"Smylepets"},"image":{"@id":"https:\/\/smylepets.com\/encuentra-mascota\/#\/schema\/logo\/image\/"},"sameAs":["https:\/\/www.facebook.com\/Smylepets","https:\/\/x.com\/smylepets","https:\/\/www.instagram.com\/smylepets\/","https:\/\/www.pinterest.es\/Smylepets\/"]}]}},"_links":{"self":[{"href":"https:\/\/smylepets.com\/encuentra-mascota\/wp-json\/wp\/v2\/pages\/879","targetHints":{"allow":["GET"]}}],"collection":[{"href":"https:\/\/smylepets.com\/encuentra-mascota\/wp-json\/wp\/v2\/pages"}],"about":[{"href":"https:\/\/smylepets.com\/encuentra-mascota\/wp-json\/wp\/v2\/types\/page"}],"author":[{"embeddable":true,"href":"https:\/\/smylepets.com\/encuentra-mascota\/wp-json\/wp\/v2\/users\/48"}],"replies":[{"embeddable":true,"href":"https:\/\/smylepets.com\/encuentra-mascota\/wp-json\/wp\/v2\/comments?post=879"}],"version-history":[{"count":0,"href":"https:\/\/smylepets.com\/encuentra-mascota\/wp-json\/wp\/v2\/pages\/879\/revisions"}],"wp:attachment":[{"href":"https:\/\/smylepets.com\/encuentra-mascota\/wp-json\/wp\/v2\/media?parent=879"}],"curies":[{"name":"wp","href":"https:\/\/api.w.org\/{rel}","templated":true}]}}